{"id":7268,"date":"2025-03-17T09:58:22","date_gmt":"2025-03-17T08:58:22","guid":{"rendered":"https:\/\/cronicaslombardi.com\/?page_id=7268"},"modified":"2025-04-04T13:16:16","modified_gmt":"2025-04-04T11:16:16","slug":"historias-del-draft-de-la-nfl","status":"publish","type":"page","link":"https:\/\/cronicaslombardi.com\/?page_id=7268","title":{"rendered":"HISTORIAS DEL DRAFT DE LA NFL"},"content":{"rendered":"\n<p class=\"has-medium-font-size\">Descubre aqu\u00ed las historias personales de superaci\u00f3n y cargadas de humanidad de los jugadores que se presentan al Draft de la NFL. En lugar de centrarnos solo en un an\u00e1lisis fr\u00edo de sus condiciones y estad\u00edsticas, te ofrecemos un enfoque m\u00e1s humano, destacando qui\u00e9nes son realmente estas personas detr\u00e1s de los n\u00fameros. Conoce sus trayectorias, emociones y sus motivaciones personales para llegar a la cima del f\u00fatbol americano.<\/p>\n\n\n\n<p class=\"has-medium-font-size\"><strong><a href=\"https:\/\/cronicaslombardi.com\/?p=7248\" target=\"_blank\" rel=\"noreferrer noopener\">Derrick Harmon, DT OREG\u00d3N<\/a><\/strong><\/p>\n\n\n\n<p class=\"has-medium-font-size\"><strong><a href=\"https:\/\/cronicaslombardi.com\/?p=7298\" target=\"_blank\" rel=\"noreferrer noopener\">Jahdae Barron, DB TEXAS<\/a><\/strong><\/p>\n\n\n\n<p style=\"font-size:21px\"><a href=\"https:\/\/cronicaslombardi.com\/?p=7379\" target=\"_blank\" rel=\"noreferrer noopener\"><strong>Abdul Carter, EDGE PENN STATE<\/strong><\/a><\/p>\n\n\n\n<p class=\"has-medium-font-size\"><strong><a href=\"https:\/\/cronicaslombardi.com\/?p=7445\">Mike Green, EDGE MARSHALL<\/a><\/strong><\/p>\n\n\n\n<p class=\"has-medium-font-size\"><strong><a href=\"https:\/\/cronicaslombardi.com\/?p=7467\">Nick Emmanwori, SAFETY SOUTH CAROLINA<\/a><\/strong><\/p>\n\n\n\n<p style=\"font-size:20px\"><a href=\"https:\/\/cronicaslombardi.com\/?p=7593\"><strong>Travis Hunter Jr., CB y WR COLORADO<\/strong><\/a><\/p>\n\n\n\n<p class=\"has-medium-font-size\"><strong><a href=\"https:\/\/cronicaslombardi.com\/?p=7648\">Mello Dotson, CB KANSAS<\/a><\/strong><\/p>\n\n\n\n<p class=\"has-medium-font-size\"><strong><a href=\"https:\/\/cronicaslombardi.com\/?p=7706\">Chris Paul Jr., LINEBACKER OLE MISS<\/a><\/strong><\/p>\n\n\n\n<p class=\"has-medium-font-size\"><strong><a href=\"https:\/\/cronicaslombardi.com\/?p=7835\">Donovan Jackson, OL INTERIOR OHIO ST<\/a><\/strong><\/p>\n\n\n\n<p class=\"has-medium-font-size\"><a href=\"https:\/\/cronicaslombardi.com\/?p=7874\"><strong>Aireontae Ersery, OT MINNESOTA<\/strong><\/a><\/p>\n\n\n\n<p class=\"has-medium-font-size\"><strong><a href=\"https:\/\/cronicaslombardi.com\/?p=7999\">Kelvin Banks Jr., OT TEXAS<\/a><\/strong><\/p>\n\n\n\n<p class=\"has-medium-font-size\"><a href=\"https:\/\/cronicaslombardi.com\/?p=8038\"><strong>Josh Simmons, OT OHIO ST.<\/strong><\/a><\/p>\n\n\n\n<hr class=\"wp-block-separator has-alpha-channel-opacity\"\/>\n","protected":false},"excerpt":{"rendered":"<p>Descubre aqu\u00ed las historias personales de superaci\u00f3n y cargadas de humanidad de los jugadores que se presentan al<\/p>\n","protected":false},"author":1,"featured_media":7271,"parent":0,"menu_order":0,"comment_status":"closed","ping_status":"closed","template":"","meta":{"footnotes":""},"class_list":["post-7268","page","type-page","status-publish","has-post-thumbnail","hentry"],"_links":{"self":[{"href":"https:\/\/cronicaslombardi.com\/index.php?rest_route=\/wp\/v2\/pages\/7268","targetHints":{"allow":["GET"]}}],"collection":[{"href":"https:\/\/cronicaslombardi.com\/index.php?rest_route=\/wp\/v2\/pages"}],"about":[{"href":"https:\/\/cronicaslombardi.com\/index.php?rest_route=\/wp\/v2\/types\/page"}],"author":[{"embeddable":true,"href":"https:\/\/cronicaslombardi.com\/index.php?rest_route=\/wp\/v2\/users\/1"}],"replies":[{"embeddable":true,"href":"https:\/\/cronicaslombardi.com\/index.php?rest_route=%2Fwp%2Fv2%2Fcomments&post=7268"}],"version-history":[{"count":14,"href":"https:\/\/cronicaslombardi.com\/index.php?rest_route=\/wp\/v2\/pages\/7268\/revisions"}],"predecessor-version":[{"id":8046,"href":"https:\/\/cronicaslombardi.com\/index.php?rest_route=\/wp\/v2\/pages\/7268\/revisions\/8046"}],"wp:featuredmedia":[{"embeddable":true,"href":"https:\/\/cronicaslombardi.com\/index.php?rest_route=\/wp\/v2\/media\/7271"}],"wp:attachment":[{"href":"https:\/\/cronicaslombardi.com\/index.php?rest_route=%2Fwp%2Fv2%2Fmedia&parent=7268"}],"curies":[{"name":"wp","href":"https:\/\/api.w.org\/{rel}","templated":true}]}}