{"id":7000,"date":"2025-03-12T14:04:52","date_gmt":"2025-03-12T13:04:52","guid":{"rendered":"https:\/\/cronicaslombardi.com\/?page_id=7000"},"modified":"2025-03-12T14:04:54","modified_gmt":"2025-03-12T13:04:54","slug":"articulos-nfl-draft-2025","status":"publish","type":"page","link":"https:\/\/cronicaslombardi.com\/?page_id=7000","title":{"rendered":"ART\u00cdCULOS NFL DRAFT 2025"},"content":{"rendered":"\n<h2 class=\"wp-block-heading\">Aqu\u00ed encontrar\u00e1s ART\u00cdCULOS escritos sobre el NFL Draft 2025<\/h2>\n\n\n<ul class=\"wp-block-latest-posts__list is-grid columns-3 wp-block-latest-posts\"><li><a class=\"wp-block-latest-posts__post-title\" href=\"https:\/\/cronicaslombardi.com\/?p=8397\">5 MEJORES Y 5 PEORES CLASES: OTRA MIRADA DEL DRAFT M\u00c1S EXIGENTE<\/a><div class=\"wp-block-latest-posts__post-excerpt\">Aunque no lo sabremos con certeza hasta que pasen 1-3 a\u00f1os, exponemos la opini\u00f3n acerca de las consideradas<\/div><\/li>\n<li><div class=\"wp-block-latest-posts__featured-image\"><img loading=\"lazy\" width=\"150\" height=\"150\" src=\"https:\/\/cronicaslombardi.com\/wp-content\/uploads\/2025\/04\/ASHTON-JEANTY-150x150.png\" class=\"attachment-thumbnail size-thumbnail wp-post-image\" alt=\"Controversia Jeanty\" style=\"\" srcset=\"https:\/\/cronicaslombardi.com\/wp-content\/uploads\/2025\/04\/ASHTON-JEANTY-150x150.png 150w, https:\/\/cronicaslombardi.com\/wp-content\/uploads\/2025\/04\/ASHTON-JEANTY-300x300.png 300w, https:\/\/cronicaslombardi.com\/wp-content\/uploads\/2025\/04\/ASHTON-JEANTY-100x100.png 100w\" sizes=\"auto, (max-width: 150px) 100vw, 150px\" loading=\"lazy\" decoding=\"async\" \/><\/div><a class=\"wp-block-latest-posts__post-title\" href=\"https:\/\/cronicaslombardi.com\/?p=8281\">Controversia Jeanty<\/a><div class=\"wp-block-latest-posts__post-excerpt\">Loren Orr\/Getty Images 18 de abril de 2025. Ashton Jeanty, corredor de los Boise State Broncos, ha atra\u00eddo<\/div><\/li>\n<li><div class=\"wp-block-latest-posts__featured-image\"><img loading=\"lazy\" width=\"150\" height=\"150\" src=\"https:\/\/cronicaslombardi.com\/wp-content\/uploads\/2025\/04\/JAMES-PEARCE-150x150.png\" class=\"attachment-thumbnail size-thumbnail wp-post-image\" alt=\"JAMES PEARCE\" style=\"\" srcset=\"https:\/\/cronicaslombardi.com\/wp-content\/uploads\/2025\/04\/JAMES-PEARCE-150x150.png 150w, https:\/\/cronicaslombardi.com\/wp-content\/uploads\/2025\/04\/JAMES-PEARCE-300x300.png 300w, https:\/\/cronicaslombardi.com\/wp-content\/uploads\/2025\/04\/JAMES-PEARCE-100x100.png 100w\" sizes=\"auto, (max-width: 150px) 100vw, 150px\" loading=\"lazy\" decoding=\"async\" \/><\/div><a class=\"wp-block-latest-posts__post-title\" href=\"https:\/\/cronicaslombardi.com\/?p=8271\">JAMES PEARCE: \u00bfUN DESPRESTIGIO PROVOCADO?<\/a><div class=\"wp-block-latest-posts__post-excerpt\">16 de abril de 2025. El Draft NFL 2025 est\u00e1 a la vuelta de la esquina, y uno<\/div><\/li>\n<li><div class=\"wp-block-latest-posts__featured-image\"><img loading=\"lazy\" width=\"150\" height=\"150\" src=\"https:\/\/cronicaslombardi.com\/wp-content\/uploads\/2025\/04\/IMG_20250411_095328_824-150x150.jpg\" class=\"attachment-thumbnail size-thumbnail wp-post-image\" alt=\"IMG_20250411_095328_824\" style=\"\" srcset=\"https:\/\/cronicaslombardi.com\/wp-content\/uploads\/2025\/04\/IMG_20250411_095328_824-150x150.jpg 150w, https:\/\/cronicaslombardi.com\/wp-content\/uploads\/2025\/04\/IMG_20250411_095328_824-300x300.jpg 300w, https:\/\/cronicaslombardi.com\/wp-content\/uploads\/2025\/04\/IMG_20250411_095328_824-100x100.jpg 100w\" sizes=\"auto, (max-width: 150px) 100vw, 150px\" loading=\"lazy\" decoding=\"async\" \/><\/div><a class=\"wp-block-latest-posts__post-title\" href=\"https:\/\/cronicaslombardi.com\/?p=8180\">N.E. PATRIOTS II: El ataque gana partidos&#8230;<\/a><div class=\"wp-block-latest-posts__post-excerpt\">&#8230; Y no es algo de lo que en los Patriots vayamos sobrados. Me encantar\u00eda poder decir que<\/div><\/li>\n<li><div class=\"wp-block-latest-posts__featured-image\"><img loading=\"lazy\" width=\"150\" height=\"150\" src=\"https:\/\/cronicaslombardi.com\/wp-content\/uploads\/2025\/04\/will-campbell__-1-150x150.png\" class=\"attachment-thumbnail size-thumbnail wp-post-image\" alt=\"Will Campbell Offensive Tackle\" style=\"\" srcset=\"https:\/\/cronicaslombardi.com\/wp-content\/uploads\/2025\/04\/will-campbell__-1-150x150.png 150w, https:\/\/cronicaslombardi.com\/wp-content\/uploads\/2025\/04\/will-campbell__-1-300x300.png 300w, https:\/\/cronicaslombardi.com\/wp-content\/uploads\/2025\/04\/will-campbell__-1-100x100.png 100w\" sizes=\"auto, (max-width: 150px) 100vw, 150px\" loading=\"lazy\" decoding=\"async\" \/><\/div><a class=\"wp-block-latest-posts__post-title\" href=\"https:\/\/cronicaslombardi.com\/?p=8090\">\u00bfHay alguna esperanza de ver a Will Campbell de Offensive Tackle en la NFL? An\u00e1lisis y Opiniones<\/a><div class=\"wp-block-latest-posts__post-excerpt\">A 7 de abril de 2025 \u00bfse apoder\u00f3 de Vd. tambi\u00e9n el mantra de \u00ab&#8230;en la NFL solo<\/div><\/li>\n<li><div class=\"wp-block-latest-posts__featured-image\"><img loading=\"lazy\" width=\"150\" height=\"150\" src=\"https:\/\/cronicaslombardi.com\/wp-content\/uploads\/2025\/04\/JOSH-SIMMONS_2-150x150.png\" class=\"attachment-thumbnail size-thumbnail wp-post-image\" alt=\"JOSH SIMMONS_2\" style=\"\" srcset=\"https:\/\/cronicaslombardi.com\/wp-content\/uploads\/2025\/04\/JOSH-SIMMONS_2-150x150.png 150w, https:\/\/cronicaslombardi.com\/wp-content\/uploads\/2025\/04\/JOSH-SIMMONS_2-300x300.png 300w, https:\/\/cronicaslombardi.com\/wp-content\/uploads\/2025\/04\/JOSH-SIMMONS_2-100x100.png 100w\" sizes=\"auto, (max-width: 150px) 100vw, 150px\" loading=\"lazy\" decoding=\"async\" \/><\/div><a class=\"wp-block-latest-posts__post-title\" href=\"https:\/\/cronicaslombardi.com\/?p=8038\">LA VIDA DE JOSH SIMMONS<\/a><div class=\"wp-block-latest-posts__post-excerpt\">Josh Simmons, tackle ofensivo de Ohio State, es un nombre que resuena como uno de los prospects m\u00e1s<\/div><\/li>\n<li><div class=\"wp-block-latest-posts__featured-image\"><img loading=\"lazy\" width=\"150\" height=\"150\" src=\"https:\/\/cronicaslombardi.com\/wp-content\/uploads\/2025\/04\/AIREONTAE-ERSERY-150x150.png\" class=\"attachment-thumbnail size-thumbnail wp-post-image\" alt=\"Aireontae Ersery Offensive Tackle MInnesota Gophers\" style=\"\" srcset=\"https:\/\/cronicaslombardi.com\/wp-content\/uploads\/2025\/04\/AIREONTAE-ERSERY-150x150.png 150w, https:\/\/cronicaslombardi.com\/wp-content\/uploads\/2025\/04\/AIREONTAE-ERSERY-300x300.png 300w, https:\/\/cronicaslombardi.com\/wp-content\/uploads\/2025\/04\/AIREONTAE-ERSERY-100x100.png 100w\" sizes=\"auto, (max-width: 150px) 100vw, 150px\" loading=\"lazy\" decoding=\"async\" \/><\/div><a class=\"wp-block-latest-posts__post-title\" href=\"https:\/\/cronicaslombardi.com\/?p=7874\">Aireontae Ersery<\/a><div class=\"wp-block-latest-posts__post-excerpt\">Aireontae Ersery, el talentoso tackle izquierdo de los Minnesota Golden Gophers, se perfila como uno de los prospects<\/div><\/li>\n<li><div class=\"wp-block-latest-posts__featured-image\"><img loading=\"lazy\" width=\"150\" height=\"150\" src=\"https:\/\/cronicaslombardi.com\/wp-content\/uploads\/2025\/03\/DONOVAN-JACKSON-150x150.png\" class=\"attachment-thumbnail size-thumbnail wp-post-image\" alt=\"Donovan Jackson y su historia de cara al Draft\" style=\"\" srcset=\"https:\/\/cronicaslombardi.com\/wp-content\/uploads\/2025\/03\/DONOVAN-JACKSON-150x150.png 150w, https:\/\/cronicaslombardi.com\/wp-content\/uploads\/2025\/03\/DONOVAN-JACKSON-300x300.png 300w, https:\/\/cronicaslombardi.com\/wp-content\/uploads\/2025\/03\/DONOVAN-JACKSON-100x100.png 100w\" sizes=\"auto, (max-width: 150px) 100vw, 150px\" loading=\"lazy\" decoding=\"async\" \/><\/div><a class=\"wp-block-latest-posts__post-title\" href=\"https:\/\/cronicaslombardi.com\/?p=7835\">DONOVAN JACKSON: Su Historia<\/a><div class=\"wp-block-latest-posts__post-excerpt\">Donovan Jackson, un Guard de Ohio State proyectado como uno de los mejores en su posici\u00f3n para el<\/div><\/li>\n<li><div class=\"wp-block-latest-posts__featured-image\"><img loading=\"lazy\" width=\"150\" height=\"150\" src=\"https:\/\/cronicaslombardi.com\/wp-content\/uploads\/2025\/03\/QUARTERBACK-1-1-150x150.png\" class=\"attachment-thumbnail size-thumbnail wp-post-image\" alt=\"Quarterback N.1 en el Draft NFL 2025\" style=\"\" srcset=\"https:\/\/cronicaslombardi.com\/wp-content\/uploads\/2025\/03\/QUARTERBACK-1-1-150x150.png 150w, https:\/\/cronicaslombardi.com\/wp-content\/uploads\/2025\/03\/QUARTERBACK-1-1-300x300.png 300w, https:\/\/cronicaslombardi.com\/wp-content\/uploads\/2025\/03\/QUARTERBACK-1-1-100x100.png 100w\" sizes=\"auto, (max-width: 150px) 100vw, 150px\" loading=\"lazy\" decoding=\"async\" \/><\/div><a class=\"wp-block-latest-posts__post-title\" href=\"https:\/\/cronicaslombardi.com\/?p=7799\">QUARTERBACK N.1<\/a><div class=\"wp-block-latest-posts__post-excerpt\">En este art\u00edculo vamos a analizar qu\u00e9 Quarterback de los 2 que se habla mayoritariamente para ser n\u00famero<\/div><\/li>\n<li><div class=\"wp-block-latest-posts__featured-image\"><img loading=\"lazy\" width=\"150\" height=\"150\" src=\"https:\/\/cronicaslombardi.com\/wp-content\/uploads\/2025\/03\/LINEBACKER-1-150x150.png\" class=\"attachment-thumbnail size-thumbnail wp-post-image\" alt=\"JIHAAD CAMBPEL AND JALON WALKER\" style=\"\" srcset=\"https:\/\/cronicaslombardi.com\/wp-content\/uploads\/2025\/03\/LINEBACKER-1-150x150.png 150w, https:\/\/cronicaslombardi.com\/wp-content\/uploads\/2025\/03\/LINEBACKER-1-300x300.png 300w, https:\/\/cronicaslombardi.com\/wp-content\/uploads\/2025\/03\/LINEBACKER-1-100x100.png 100w\" sizes=\"auto, (max-width: 150px) 100vw, 150px\" loading=\"lazy\" decoding=\"async\" \/><\/div><a class=\"wp-block-latest-posts__post-title\" href=\"https:\/\/cronicaslombardi.com\/?p=7745\">Linebacker N\u00famero 1 en el NFL Draft 2025: Comparativa Total J.Campbell &amp; J.Walker<\/a><div class=\"wp-block-latest-posts__post-excerpt\">El NFL Draft 2025, programado para el 24 de abril en Green Bay, Wisconsin, est\u00e1 generando, como es<\/div><\/li>\n<li><div class=\"wp-block-latest-posts__featured-image\"><img loading=\"lazy\" width=\"150\" height=\"150\" src=\"https:\/\/cronicaslombardi.com\/wp-content\/uploads\/2025\/03\/MELLO-DOTSON-CB-150x150.png\" class=\"attachment-thumbnail size-thumbnail wp-post-image\" alt=\"MELLO DOTSON HISTORIA\" style=\"\" srcset=\"https:\/\/cronicaslombardi.com\/wp-content\/uploads\/2025\/03\/MELLO-DOTSON-CB-150x150.png 150w, https:\/\/cronicaslombardi.com\/wp-content\/uploads\/2025\/03\/MELLO-DOTSON-CB-300x300.png 300w, https:\/\/cronicaslombardi.com\/wp-content\/uploads\/2025\/03\/MELLO-DOTSON-CB-100x100.png 100w\" sizes=\"auto, (max-width: 150px) 100vw, 150px\" loading=\"lazy\" decoding=\"async\" \/><\/div><a class=\"wp-block-latest-posts__post-title\" href=\"https:\/\/cronicaslombardi.com\/?p=7648\">MELLO DOTSON, CB KANSAS<\/a><div class=\"wp-block-latest-posts__post-excerpt\">Or\u00edgenes de Mello Dotson en Daytona Beach: Un entorno hostil Mello Dotson naci\u00f3 el 25 de abril de<\/div><\/li>\n<li><div class=\"wp-block-latest-posts__featured-image\"><img loading=\"lazy\" width=\"150\" height=\"150\" src=\"https:\/\/cronicaslombardi.com\/wp-content\/uploads\/2025\/03\/TRAVIS-HUNTER-150x150.png\" class=\"attachment-thumbnail size-thumbnail wp-post-image\" alt=\"LA HISTORIA DE TRAVIS HUNTER NFL DRAFT 2025\" style=\"\" srcset=\"https:\/\/cronicaslombardi.com\/wp-content\/uploads\/2025\/03\/TRAVIS-HUNTER-150x150.png 150w, https:\/\/cronicaslombardi.com\/wp-content\/uploads\/2025\/03\/TRAVIS-HUNTER-300x300.png 300w, https:\/\/cronicaslombardi.com\/wp-content\/uploads\/2025\/03\/TRAVIS-HUNTER-100x100.png 100w\" sizes=\"auto, (max-width: 150px) 100vw, 150px\" loading=\"lazy\" decoding=\"async\" \/><\/div><a class=\"wp-block-latest-posts__post-title\" href=\"https:\/\/cronicaslombardi.com\/?p=7593\">LA HISTORIA DETR\u00c1S DE TRAVIS HUNTER Jr.<\/a><div class=\"wp-block-latest-posts__post-excerpt\">Travis Hunter Jr., nacido el 18 de mayo de 2003 en West Palm Beach, Florida, es un fen\u00f3meno<\/div><\/li>\n<li><div class=\"wp-block-latest-posts__featured-image\"><img loading=\"lazy\" width=\"150\" height=\"150\" src=\"https:\/\/cronicaslombardi.com\/wp-content\/uploads\/2025\/03\/NICK-EMMANWORI-1-150x150.png\" class=\"attachment-thumbnail size-thumbnail wp-post-image\" alt=\"NICK EMMANWORI SU HISTORIA\" style=\"\" srcset=\"https:\/\/cronicaslombardi.com\/wp-content\/uploads\/2025\/03\/NICK-EMMANWORI-1-150x150.png 150w, https:\/\/cronicaslombardi.com\/wp-content\/uploads\/2025\/03\/NICK-EMMANWORI-1-300x300.png 300w, https:\/\/cronicaslombardi.com\/wp-content\/uploads\/2025\/03\/NICK-EMMANWORI-1-100x100.png 100w\" sizes=\"auto, (max-width: 150px) 100vw, 150px\" loading=\"lazy\" decoding=\"async\" \/><\/div><a class=\"wp-block-latest-posts__post-title\" href=\"https:\/\/cronicaslombardi.com\/?p=7467\">Nick Emmanwori, SAFETY SOUTH CAROLINA<\/a><div class=\"wp-block-latest-posts__post-excerpt\">Nick Emmanwori, Safety de South Carolina y uno de los prospects m\u00e1s intrigantes del Draft NFL 2025, no<\/div><\/li>\n<li><div class=\"wp-block-latest-posts__featured-image\"><img loading=\"lazy\" width=\"150\" height=\"150\" src=\"https:\/\/cronicaslombardi.com\/wp-content\/uploads\/2025\/03\/mike-green-150x150.png\" class=\"attachment-thumbnail size-thumbnail wp-post-image\" alt=\"MIKE GREEN EDGE MARSHALL\" style=\"\" srcset=\"https:\/\/cronicaslombardi.com\/wp-content\/uploads\/2025\/03\/mike-green-150x150.png 150w, https:\/\/cronicaslombardi.com\/wp-content\/uploads\/2025\/03\/mike-green-300x300.png 300w, https:\/\/cronicaslombardi.com\/wp-content\/uploads\/2025\/03\/mike-green-100x100.png 100w\" sizes=\"auto, (max-width: 150px) 100vw, 150px\" loading=\"lazy\" decoding=\"async\" \/><\/div><a class=\"wp-block-latest-posts__post-title\" href=\"https:\/\/cronicaslombardi.com\/?p=7445\">Mike Green, EDGE MARSHALL<\/a><div class=\"wp-block-latest-posts__post-excerpt\">Mike Green, prospect estrella y EDGE rusher para el Draft de la NFL de 2025, encarna una historia<\/div><\/li>\n<li><div class=\"wp-block-latest-posts__featured-image\"><img loading=\"lazy\" width=\"150\" height=\"150\" src=\"https:\/\/cronicaslombardi.com\/wp-content\/uploads\/2025\/03\/ABDUL-CARTER-X-150x150.png\" class=\"attachment-thumbnail size-thumbnail wp-post-image\" alt=\"aBDUL cARTER Historia humana\" style=\"\" srcset=\"https:\/\/cronicaslombardi.com\/wp-content\/uploads\/2025\/03\/ABDUL-CARTER-X-150x150.png 150w, https:\/\/cronicaslombardi.com\/wp-content\/uploads\/2025\/03\/ABDUL-CARTER-X-300x300.png 300w, https:\/\/cronicaslombardi.com\/wp-content\/uploads\/2025\/03\/ABDUL-CARTER-X-100x100.png 100w\" sizes=\"auto, (max-width: 150px) 100vw, 150px\" loading=\"lazy\" decoding=\"async\" \/><\/div><a class=\"wp-block-latest-posts__post-title\" href=\"https:\/\/cronicaslombardi.com\/?p=7379\">Abdul Carter, EDGE PENN STATE<\/a><div class=\"wp-block-latest-posts__post-excerpt\">Muchos analistas colocan a Abdul Carter como el prospect n\u00famero 1 del NFL Draft 2025, y no es<\/div><\/li>\n<\/ul>\n\n\n<hr class=\"wp-block-separator has-alpha-channel-opacity\"\/>\n","protected":false},"excerpt":{"rendered":"<p>Aqu\u00ed encontrar\u00e1s ART\u00cdCULOS escritos sobre el NFL Draft 2025<\/p>\n","protected":false},"author":1,"featured_media":7002,"parent":0,"menu_order":0,"comment_status":"closed","ping_status":"closed","template":"","meta":{"footnotes":""},"class_list":["post-7000","page","type-page","status-publish","has-post-thumbnail","hentry"],"_links":{"self":[{"href":"https:\/\/cronicaslombardi.com\/index.php?rest_route=\/wp\/v2\/pages\/7000","targetHints":{"allow":["GET"]}}],"collection":[{"href":"https:\/\/cronicaslombardi.com\/index.php?rest_route=\/wp\/v2\/pages"}],"about":[{"href":"https:\/\/cronicaslombardi.com\/index.php?rest_route=\/wp\/v2\/types\/page"}],"author":[{"embeddable":true,"href":"https:\/\/cronicaslombardi.com\/index.php?rest_route=\/wp\/v2\/users\/1"}],"replies":[{"embeddable":true,"href":"https:\/\/cronicaslombardi.com\/index.php?rest_route=%2Fwp%2Fv2%2Fcomments&post=7000"}],"version-history":[{"count":3,"href":"https:\/\/cronicaslombardi.com\/index.php?rest_route=\/wp\/v2\/pages\/7000\/revisions"}],"predecessor-version":[{"id":7004,"href":"https:\/\/cronicaslombardi.com\/index.php?rest_route=\/wp\/v2\/pages\/7000\/revisions\/7004"}],"wp:featuredmedia":[{"embeddable":true,"href":"https:\/\/cronicaslombardi.com\/index.php?rest_route=\/wp\/v2\/media\/7002"}],"wp:attachment":[{"href":"https:\/\/cronicaslombardi.com\/index.php?rest_route=%2Fwp%2Fv2%2Fmedia&parent=7000"}],"curies":[{"name":"wp","href":"https:\/\/api.w.org\/{rel}","templated":true}]}}