{"id":6997,"date":"2025-03-12T13:54:28","date_gmt":"2025-03-12T12:54:28","guid":{"rendered":"https:\/\/cronicaslombardi.com\/?page_id=6997"},"modified":"2025-03-12T13:54:30","modified_gmt":"2025-03-12T12:54:30","slug":"videos-draft-nfl","status":"publish","type":"page","link":"https:\/\/cronicaslombardi.com\/?page_id=6997","title":{"rendered":"V\u00cdDEOS DRAFT NFL"},"content":{"rendered":"\n<h2 class=\"wp-block-heading\">Aqu\u00ed encontrar\u00e1s v\u00eddeos del NFL DRAFT 2025<\/h2>\n\n\n<ul class=\"wp-block-latest-posts__list is-grid columns-3 wp-block-latest-posts\"><li><div class=\"wp-block-latest-posts__featured-image aligncenter\"><img loading=\"lazy\" width=\"150\" height=\"150\" src=\"https:\/\/cronicaslombardi.com\/wp-content\/uploads\/2025\/03\/TRAVIS-HUNTER-PR-150x150.png\" class=\"attachment-thumbnail size-thumbnail wp-post-image\" alt=\"TRAVIS HUNTER PR\" style=\"\" srcset=\"https:\/\/cronicaslombardi.com\/wp-content\/uploads\/2025\/03\/TRAVIS-HUNTER-PR-150x150.png 150w, https:\/\/cronicaslombardi.com\/wp-content\/uploads\/2025\/03\/TRAVIS-HUNTER-PR-300x300.png 300w, https:\/\/cronicaslombardi.com\/wp-content\/uploads\/2025\/03\/TRAVIS-HUNTER-PR-100x100.png 100w\" sizes=\"auto, (max-width: 150px) 100vw, 150px\" loading=\"lazy\" decoding=\"async\" \/><\/div><a class=\"wp-block-latest-posts__post-title\" href=\"https:\/\/cronicaslombardi.com\/?p=6525\">TRAVIS HUNTER (CB) &#8211; MICHIGAN<\/a><div class=\"wp-block-latest-posts__post-excerpt\">\ud83d\udc47VIDEO\ud83d\udc47<\/div><\/li>\n<li><div class=\"wp-block-latest-posts__featured-image aligncenter\"><img loading=\"lazy\" width=\"150\" height=\"150\" src=\"https:\/\/cronicaslombardi.com\/wp-content\/uploads\/2025\/02\/Will-Johnson-150x150.png\" class=\"attachment-thumbnail size-thumbnail wp-post-image\" alt=\"Will Johnson\" style=\"\" srcset=\"https:\/\/cronicaslombardi.com\/wp-content\/uploads\/2025\/02\/Will-Johnson-150x150.png 150w, https:\/\/cronicaslombardi.com\/wp-content\/uploads\/2025\/02\/Will-Johnson-300x300.png 300w, https:\/\/cronicaslombardi.com\/wp-content\/uploads\/2025\/02\/Will-Johnson-100x100.png 100w\" sizes=\"auto, (max-width: 150px) 100vw, 150px\" loading=\"lazy\" decoding=\"async\" \/><\/div><a class=\"wp-block-latest-posts__post-title\" href=\"https:\/\/cronicaslombardi.com\/?p=6491\">WILL JOHNSON (CB) &#8211; MICHIGAN<\/a><div class=\"wp-block-latest-posts__post-excerpt\">\ud83d\udc47VIDEO\ud83d\udc47<\/div><\/li>\n<li><div class=\"wp-block-latest-posts__featured-image aligncenter\"><img loading=\"lazy\" width=\"150\" height=\"150\" src=\"https:\/\/cronicaslombardi.com\/wp-content\/uploads\/2025\/02\/will-campbell-150x150.png\" class=\"attachment-thumbnail size-thumbnail wp-post-image\" alt=\"will campbell\" style=\"\" srcset=\"https:\/\/cronicaslombardi.com\/wp-content\/uploads\/2025\/02\/will-campbell-150x150.png 150w, https:\/\/cronicaslombardi.com\/wp-content\/uploads\/2025\/02\/will-campbell-300x300.png 300w, https:\/\/cronicaslombardi.com\/wp-content\/uploads\/2025\/02\/will-campbell-100x100.png 100w\" sizes=\"auto, (max-width: 150px) 100vw, 150px\" loading=\"lazy\" decoding=\"async\" \/><\/div><a class=\"wp-block-latest-posts__post-title\" href=\"https:\/\/cronicaslombardi.com\/?p=6476\">WILL CAMPBELL (OL\/T)-LSU<\/a><div class=\"wp-block-latest-posts__post-excerpt\">\ud83d\udc47VIDEO\ud83d\udc47<\/div><\/li>\n<li><div class=\"wp-block-latest-posts__featured-image aligncenter\"><img loading=\"lazy\" width=\"150\" height=\"150\" src=\"https:\/\/cronicaslombardi.com\/wp-content\/uploads\/2025\/02\/Cameron-Ward-1-150x150.png\" class=\"attachment-thumbnail size-thumbnail wp-post-image\" alt=\"Cameron Ward\" style=\"\" srcset=\"https:\/\/cronicaslombardi.com\/wp-content\/uploads\/2025\/02\/Cameron-Ward-1-150x150.png 150w, https:\/\/cronicaslombardi.com\/wp-content\/uploads\/2025\/02\/Cameron-Ward-1-300x300.png 300w, https:\/\/cronicaslombardi.com\/wp-content\/uploads\/2025\/02\/Cameron-Ward-1-100x100.png 100w\" sizes=\"auto, (max-width: 150px) 100vw, 150px\" loading=\"lazy\" decoding=\"async\" \/><\/div><a class=\"wp-block-latest-posts__post-title\" href=\"https:\/\/cronicaslombardi.com\/?p=6429\">CAMERON WARD(QB)-MIAMI<\/a><div class=\"wp-block-latest-posts__post-excerpt\">\ud83d\udc47VIDEO\ud83d\udc47<\/div><\/li>\n<\/ul>","protected":false},"excerpt":{"rendered":"<p>Aqu\u00ed encontrar\u00e1s v\u00eddeos del NFL DRAFT 2025<\/p>\n","protected":false},"author":1,"featured_media":6999,"parent":0,"menu_order":0,"comment_status":"closed","ping_status":"closed","template":"","meta":{"footnotes":""},"class_list":["post-6997","page","type-page","status-publish","has-post-thumbnail","hentry"],"_links":{"self":[{"href":"https:\/\/cronicaslombardi.com\/index.php?rest_route=\/wp\/v2\/pages\/6997","targetHints":{"allow":["GET"]}}],"collection":[{"href":"https:\/\/cronicaslombardi.com\/index.php?rest_route=\/wp\/v2\/pages"}],"about":[{"href":"https:\/\/cronicaslombardi.com\/index.php?rest_route=\/wp\/v2\/types\/page"}],"author":[{"embeddable":true,"href":"https:\/\/cronicaslombardi.com\/index.php?rest_route=\/wp\/v2\/users\/1"}],"replies":[{"embeddable":true,"href":"https:\/\/cronicaslombardi.com\/index.php?rest_route=%2Fwp%2Fv2%2Fcomments&post=6997"}],"version-history":[{"count":1,"href":"https:\/\/cronicaslombardi.com\/index.php?rest_route=\/wp\/v2\/pages\/6997\/revisions"}],"predecessor-version":[{"id":6998,"href":"https:\/\/cronicaslombardi.com\/index.php?rest_route=\/wp\/v2\/pages\/6997\/revisions\/6998"}],"wp:featuredmedia":[{"embeddable":true,"href":"https:\/\/cronicaslombardi.com\/index.php?rest_route=\/wp\/v2\/media\/6999"}],"wp:attachment":[{"href":"https:\/\/cronicaslombardi.com\/index.php?rest_route=%2Fwp%2Fv2%2Fmedia&parent=6997"}],"curies":[{"name":"wp","href":"https:\/\/api.w.org\/{rel}","templated":true}]}}