{"id":6994,"date":"2025-03-12T13:44:08","date_gmt":"2025-03-12T12:44:08","guid":{"rendered":"https:\/\/cronicaslombardi.com\/?page_id=6994"},"modified":"2025-04-20T12:35:59","modified_gmt":"2025-04-20T10:35:59","slug":"guia-draft-2025","status":"publish","type":"page","link":"https:\/\/cronicaslombardi.com\/?page_id=6994","title":{"rendered":"GU\u00cdA DRAFT 2025"},"content":{"rendered":"\n<h2 class=\"wp-block-heading\">Aqu\u00ed encontrar\u00e1s LA GU\u00cdA DEL NFL DRAFT 2025 para d\u00edas 1, 2 y 3<\/h2>\n\n\n\n<hr class=\"wp-block-separator has-alpha-channel-opacity is-style-dots\"\/>\n\n\n\n<p class=\"has-text-align-center has-large-font-size\"><strong>-ATAQUE-<\/strong><\/p>\n\n\n\n<p class=\"has-text-align-center\" style=\"font-size:23px\"><strong><a href=\"https:\/\/cronicaslombardi.com\/?p=8194\">QUARTERBACKS<\/a><\/strong><\/p>\n\n\n\n<p class=\"has-text-align-center\" style=\"font-size:23px\"><a href=\"https:\/\/cronicaslombardi.com\/?p=7765\"><strong>OL-INTERIORES<\/strong><\/a><\/p>\n\n\n\n<p class=\"has-text-align-center\" style=\"font-size:23px\"><strong><a href=\"https:\/\/cronicaslombardi.com\/?p=7817\">TACKLES OFENSIVOS<\/a><\/strong><\/p>\n\n\n\n<p class=\"has-text-align-center\" style=\"font-size:23px\"><strong><a href=\"https:\/\/cronicaslombardi.com\/?p=8059\">WIDE RECEIVERS<\/a><\/strong><\/p>\n\n\n\n<p class=\"has-text-align-center\" style=\"font-size:23px\"><strong><a href=\"https:\/\/cronicaslombardi.com\/?p=8106\">RUNNING BACKS<\/a><\/strong><\/p>\n\n\n\n<p class=\"has-text-align-center\" style=\"font-size:23px\"><strong><a href=\"https:\/\/cronicaslombardi.com\/?p=8146\">TIGHT ENDS<\/a><\/strong><\/p>\n\n\n\n<hr class=\"wp-block-separator has-alpha-channel-opacity is-style-dots\"\/>\n\n\n\n<p class=\"has-text-align-center has-large-font-size\">&#8211;<strong>DEFENSA<\/strong>&#8211;<\/p>\n\n\n\n<h2 class=\"wp-block-heading has-text-align-center\" style=\"font-size:24px\"><a href=\"https:\/\/cronicaslombardi.com\/?p=6719\"><strong>SAFETIES<\/strong><\/a><\/h2>\n\n\n\n<h2 class=\"wp-block-heading has-text-align-center\" style=\"font-size:24px\"><strong><a href=\"https:\/\/cronicaslombardi.com\/?p=7113\">DEFENSIVE TACKLES<\/a><\/strong><\/h2>\n\n\n\n<p class=\"has-text-align-center\" style=\"font-size:23px\"><strong><a href=\"https:\/\/cronicaslombardi.com\/?p=7229\">EDGE RUSHERS<\/a><\/strong><\/p>\n\n\n\n<p class=\"has-text-align-center\" style=\"font-size:23px\"><a href=\"https:\/\/cronicaslombardi.com\/?p=7516\"><strong>CORNERBACKS<\/strong><\/a><\/p>\n\n\n\n<p class=\"has-text-align-center\" style=\"font-size:23px\"><strong><a href=\"https:\/\/cronicaslombardi.com\/?p=7542\">LINEBACKERS<\/a><\/strong><\/p>\n\n\n\n<hr class=\"wp-block-separator has-alpha-channel-opacity is-style-dots\"\/>\n\n\n\n<p class=\"has-text-align-center has-large-font-size\"><strong>-SPECIAL TEAMS-<\/strong><\/p>\n\n\n\n<p class=\"has-text-align-center\" style=\"font-size:23px\"><a href=\"https:\/\/cronicaslombardi.com\/?p=8248\"><strong>KICKERS<\/strong><\/a><\/p>\n\n\n\n<p class=\"has-text-align-center\" style=\"font-size:23px\"><a href=\"https:\/\/cronicaslombardi.com\/?p=8332\"><strong>PUNTERS<\/strong><\/a><\/p>\n\n\n\n<hr class=\"wp-block-separator has-alpha-channel-opacity is-style-dots\"\/>\n","protected":false},"excerpt":{"rendered":"<p>Aqu\u00ed encontrar\u00e1s LA GU\u00cdA DEL NFL DRAFT 2025 para d\u00edas 1, 2 y 3 -ATAQUE- QUARTERBACKS OL-INTERIORES TACKLES<\/p>\n","protected":false},"author":1,"featured_media":6995,"parent":0,"menu_order":0,"comment_status":"closed","ping_status":"closed","template":"","meta":{"footnotes":""},"class_list":["post-6994","page","type-page","status-publish","has-post-thumbnail","hentry"],"_links":{"self":[{"href":"https:\/\/cronicaslombardi.com\/index.php?rest_route=\/wp\/v2\/pages\/6994","targetHints":{"allow":["GET"]}}],"collection":[{"href":"https:\/\/cronicaslombardi.com\/index.php?rest_route=\/wp\/v2\/pages"}],"about":[{"href":"https:\/\/cronicaslombardi.com\/index.php?rest_route=\/wp\/v2\/types\/page"}],"author":[{"embeddable":true,"href":"https:\/\/cronicaslombardi.com\/index.php?rest_route=\/wp\/v2\/users\/1"}],"replies":[{"embeddable":true,"href":"https:\/\/cronicaslombardi.com\/index.php?rest_route=%2Fwp%2Fv2%2Fcomments&post=6994"}],"version-history":[{"count":35,"href":"https:\/\/cronicaslombardi.com\/index.php?rest_route=\/wp\/v2\/pages\/6994\/revisions"}],"predecessor-version":[{"id":8347,"href":"https:\/\/cronicaslombardi.com\/index.php?rest_route=\/wp\/v2\/pages\/6994\/revisions\/8347"}],"wp:featuredmedia":[{"embeddable":true,"href":"https:\/\/cronicaslombardi.com\/index.php?rest_route=\/wp\/v2\/media\/6995"}],"wp:attachment":[{"href":"https:\/\/cronicaslombardi.com\/index.php?rest_route=%2Fwp%2Fv2%2Fmedia&parent=6994"}],"curies":[{"name":"wp","href":"https:\/\/api.w.org\/{rel}","templated":true}]}}