{"id":6754,"date":"2025-03-08T22:01:46","date_gmt":"2025-03-08T21:01:46","guid":{"rendered":"https:\/\/cronicaslombardi.com\/?page_id=6754"},"modified":"2025-03-11T12:06:05","modified_gmt":"2025-03-11T11:06:05","slug":"suscribete-gratis","status":"publish","type":"page","link":"https:\/\/cronicaslombardi.com\/?page_id=6754","title":{"rendered":"SUSCR\u00cdBETE GRATIS"},"content":{"rendered":"\n<p class=\"has-text-align-center has-medium-font-size\"><strong>\u00bfQUIERES RECIBIR CONTENIDO ANTES QUE NADIE?<\/strong> Suscr\u00edbete gratis a Cr\u00f3nicas Lombardi para no perderte noticias, v\u00eddeos, Podcast, art\u00edculos y dem\u00e1s entradas NFL, Draft, College football, antes que el resto de lectores.<\/p>\n\n\n\n<p><\/p>\n","protected":false},"excerpt":{"rendered":"<p>\u00bfQUIERES RECIBIR CONTENIDO ANTES QUE NADIE? Suscr\u00edbete gratis a Cr\u00f3nicas Lombardi para no perderte noticias, v\u00eddeos, Podcast, art\u00edculos<\/p>\n","protected":false},"author":1,"featured_media":6760,"parent":0,"menu_order":0,"comment_status":"closed","ping_status":"closed","template":"","meta":{"footnotes":""},"class_list":["post-6754","page","type-page","status-publish","has-post-thumbnail","hentry"],"_links":{"self":[{"href":"https:\/\/cronicaslombardi.com\/index.php?rest_route=\/wp\/v2\/pages\/6754","targetHints":{"allow":["GET"]}}],"collection":[{"href":"https:\/\/cronicaslombardi.com\/index.php?rest_route=\/wp\/v2\/pages"}],"about":[{"href":"https:\/\/cronicaslombardi.com\/index.php?rest_route=\/wp\/v2\/types\/page"}],"author":[{"embeddable":true,"href":"https:\/\/cronicaslombardi.com\/index.php?rest_route=\/wp\/v2\/users\/1"}],"replies":[{"embeddable":true,"href":"https:\/\/cronicaslombardi.com\/index.php?rest_route=%2Fwp%2Fv2%2Fcomments&post=6754"}],"version-history":[{"count":5,"href":"https:\/\/cronicaslombardi.com\/index.php?rest_route=\/wp\/v2\/pages\/6754\/revisions"}],"predecessor-version":[{"id":6954,"href":"https:\/\/cronicaslombardi.com\/index.php?rest_route=\/wp\/v2\/pages\/6754\/revisions\/6954"}],"wp:featuredmedia":[{"embeddable":true,"href":"https:\/\/cronicaslombardi.com\/index.php?rest_route=\/wp\/v2\/media\/6760"}],"wp:attachment":[{"href":"https:\/\/cronicaslombardi.com\/index.php?rest_route=%2Fwp%2Fv2%2Fmedia&parent=6754"}],"curies":[{"name":"wp","href":"https:\/\/api.w.org\/{rel}","templated":true}]}}